{"id":671,"date":"2018-03-23T11:51:50","date_gmt":"2018-03-23T15:51:50","guid":{"rendered":"http:\/\/moraspungo.gob.ec\/cotopaxi\/?page_id=671"},"modified":"2025-08-08T11:51:14","modified_gmt":"2025-08-08T15:51:14","slug":"concursos","status":"publish","type":"page","link":"https:\/\/moraspungo.gob.ec\/cotopaxi\/concursos\/","title":{"rendered":"Concursos"},"content":{"rendered":"<p>OPORTUNIDAD LABORAL<\/p>\n<p>&nbsp;<\/p>\n<p><img loading=\"lazy\" decoding=\"async\" class=\"alignnone size-full wp-image-3231\" src=\"https:\/\/moraspungo.gob.ec\/cotopaxi\/wp-content\/uploads\/2025\/08\/WhatsApp-Image-2025-08-08-at-10.48.42-AM.jpeg\" alt=\"\" width=\"504\" height=\"654\" \/><\/p>\n<p><span style=\"font-size: 18pt;\"> OPORTUNIDAD LABORAL<\/span><\/p>\n<p style=\"text-align: center;\"><img loading=\"lazy\" decoding=\"async\" class=\"alignnone size-full wp-image-2368\" src=\"https:\/\/moraspungo.gob.ec\/cotopaxi\/wp-content\/uploads\/2023\/08\/publicacion-08-08-2023.png\" alt=\"\" width=\"686\" height=\"499\" srcset=\"https:\/\/moraspungo.gob.ec\/cotopaxi\/wp-content\/uploads\/2023\/08\/publicacion-08-08-2023.png 686w, https:\/\/moraspungo.gob.ec\/cotopaxi\/wp-content\/uploads\/2023\/08\/publicacion-08-08-2023-550x400.png 550w\" sizes=\"auto, (max-width: 686px) 100vw, 686px\" \/><\/p>\n<p style=\"text-align: center;\">CONCURSO DE M\u00c9RITOS Y OPOSICI\u00d3N 2018<\/p>\n<p style=\"text-align: center;\">DOCUMENTOS &#8211; INFORMACI\u00d3N<\/p>\n<p style=\"text-align: left;\"><a href=\"http:\/\/moraspungo.gob.ec\/cotopaxi\/wp-content\/uploads\/2018\/03\/BASES-CONVOCATORIA-1.pdf\">BASES CONVOCATORIA 1<\/a><\/p>\n<p style=\"text-align: left;\"><a href=\"http:\/\/moraspungo.gob.ec\/cotopaxi\/wp-content\/uploads\/2018\/03\/BASES-CONVOCATORIA-2.pdf\">BASES CONVOCATORIA 2<\/a><\/p>\n<p style=\"text-align: left;\"><a href=\"http:\/\/moraspungo.gob.ec\/cotopaxi\/wp-content\/uploads\/2018\/03\/CONVOCATORIA.pdf\">CONVOCATORIA<\/a><\/p>\n<p><a href=\"http:\/\/moraspungo.gob.ec\/cotopaxi\/wp-content\/uploads\/2018\/03\/NOTIFICACION-DE-REALIZACION-DE-PRUEBAS-TECNICAS-Y-PSICOMETRICAS.pdf\">NOTIFICACION DE REALIZACION DE PRUEBAS TECNICAS Y PSICOMETRICAS<\/a><\/p>\n<p><a href=\"http:\/\/moraspungo.gob.ec\/cotopaxi\/wp-content\/uploads\/2018\/03\/ACTA-FINAL-DECLARATORIA-GANADOR-ANALISTA-CONTABLE.pdf\">ACTA FINAL DECLARATORIA GANADOR ANALISTA CONTABLE<\/a><\/p>\n<p><a href=\"http:\/\/moraspungo.gob.ec\/cotopaxi\/wp-content\/uploads\/2018\/03\/ACTA-GANADOR-ANALISTA-DE-PLANIFICACION.pdf\">ACTA GANADOR ANALISTA DE PLANIFICACION<\/a><\/p>\n<p>GAD PARROQUIAL DE MORASPUNGO<\/p>\n<p>OPORTUNIDAD LABORAL<\/p>\n<p>&nbsp;<\/p>\n<p><img loading=\"lazy\" decoding=\"async\" class=\"alignnone wp-image-2308\" src=\"https:\/\/moraspungo.gob.ec\/cotopaxi\/wp-content\/uploads\/2023\/07\/OPORTUNIDAD-LABORAL.png\" alt=\"\" width=\"542\" height=\"407\" srcset=\"https:\/\/moraspungo.gob.ec\/cotopaxi\/wp-content\/uploads\/2023\/07\/OPORTUNIDAD-LABORAL.png 960w, https:\/\/moraspungo.gob.ec\/cotopaxi\/wp-content\/uploads\/2023\/07\/OPORTUNIDAD-LABORAL-550x413.png 550w, https:\/\/moraspungo.gob.ec\/cotopaxi\/wp-content\/uploads\/2023\/07\/OPORTUNIDAD-LABORAL-768x576.png 768w\" sizes=\"auto, (max-width: 542px) 100vw, 542px\" \/><\/p>\n<p>GAD MORASPUNGO<\/p>\n<p>OPORTUNIDAD LABORAL<\/p>\n<p><img loading=\"lazy\" decoding=\"async\" class=\"alignnone wp-image-2311\" src=\"https:\/\/moraspungo.gob.ec\/cotopaxi\/wp-content\/uploads\/2023\/07\/Sin-titulo.png\" alt=\"\" width=\"495\" height=\"370\" srcset=\"https:\/\/moraspungo.gob.ec\/cotopaxi\/wp-content\/uploads\/2023\/07\/Sin-titulo.png 1058w, https:\/\/moraspungo.gob.ec\/cotopaxi\/wp-content\/uploads\/2023\/07\/Sin-titulo-550x411.png 550w, https:\/\/moraspungo.gob.ec\/cotopaxi\/wp-content\/uploads\/2023\/07\/Sin-titulo-1024x766.png 1024w, https:\/\/moraspungo.gob.ec\/cotopaxi\/wp-content\/uploads\/2023\/07\/Sin-titulo-768x574.png 768w\" sizes=\"auto, (max-width: 495px) 100vw, 495px\" \/><\/p>\n","protected":false},"excerpt":{"rendered":"<p>OPORTUNIDAD LABORAL &nbsp; OPORTUNIDAD LABORAL CONCURSO DE M\u00c9RITOS Y OPOSICI\u00d3N 2018 DOCUMENTOS &#8211; INFORMACI\u00d3N BASES CONVOCATORIA 1 BASES CONVOCATORIA 2 CONVOCATORIA NOTIFICACION DE REALIZACION DE PRUEBAS TECNICAS Y PSICOMETRICAS ACTA FINAL DECLARATORIA GANADOR ANALISTA CONTABLE ACTA GANADOR ANALISTA DE PLANIFICACION GAD PARROQUIAL DE MORASPUNGO OPORTUNIDAD LABORAL &nbsp; GAD MORASPUNGO OPORTUNIDAD LABORAL<\/p>\n","protected":false},"author":2,"featured_media":0,"parent":0,"menu_order":0,"comment_status":"closed","ping_status":"closed","template":"","meta":{"footnotes":""},"class_list":["post-671","page","type-page","status-publish","hentry","post"],"yoast_head":"<!-- This site is optimized with the Yoast SEO plugin v24.2 - https:\/\/yoast.com\/wordpress\/plugins\/seo\/ -->\n<title>Concursos - GAD parroquial Moraspungo<\/title>\n<meta name=\"robots\" content=\"index, follow, max-snippet:-1, max-image-preview:large, max-video-preview:-1\" \/>\n<link rel=\"canonical\" href=\"https:\/\/moraspungo.gob.ec\/cotopaxi\/concursos\/\" \/>\n<meta property=\"og:locale\" content=\"es_ES\" \/>\n<meta property=\"og:type\" content=\"article\" \/>\n<meta property=\"og:title\" content=\"Concursos - GAD parroquial Moraspungo\" \/>\n<meta property=\"og:description\" content=\"OPORTUNIDAD LABORAL &nbsp; OPORTUNIDAD LABORAL CONCURSO DE M\u00c9RITOS Y OPOSICI\u00d3N 2018 DOCUMENTOS &#8211; INFORMACI\u00d3N BASES CONVOCATORIA 1 BASES CONVOCATORIA 2 CONVOCATORIA NOTIFICACION DE REALIZACION DE PRUEBAS TECNICAS Y PSICOMETRICAS ACTA FINAL DECLARATORIA GANADOR ANALISTA CONTABLE ACTA GANADOR ANALISTA DE PLANIFICACION GAD PARROQUIAL DE MORASPUNGO OPORTUNIDAD LABORAL &nbsp; GAD MORASPUNGO OPORTUNIDAD LABORAL\" \/>\n<meta property=\"og:url\" content=\"https:\/\/moraspungo.gob.ec\/cotopaxi\/concursos\/\" \/>\n<meta property=\"og:site_name\" content=\"GAD parroquial Moraspungo\" \/>\n<meta property=\"article:modified_time\" content=\"2025-08-08T15:51:14+00:00\" \/>\n<meta property=\"og:image\" content=\"https:\/\/moraspungo.gob.ec\/cotopaxi\/wp-content\/uploads\/2025\/08\/WhatsApp-Image-2025-08-08-at-10.48.42-AM.jpeg\" \/>\n\t<meta property=\"og:image:width\" content=\"504\" \/>\n\t<meta property=\"og:image:height\" content=\"654\" \/>\n\t<meta property=\"og:image:type\" content=\"image\/jpeg\" \/>\n<meta name=\"twitter:card\" content=\"summary_large_image\" \/>\n<meta name=\"twitter:label1\" content=\"Tiempo de lectura\" \/>\n\t<meta name=\"twitter:data1\" content=\"1 minuto\" \/>\n<script type=\"application\/ld+json\" class=\"yoast-schema-graph\">{\"@context\":\"https:\/\/schema.org\",\"@graph\":[{\"@type\":\"WebPage\",\"@id\":\"https:\/\/moraspungo.gob.ec\/cotopaxi\/concursos\/\",\"url\":\"https:\/\/moraspungo.gob.ec\/cotopaxi\/concursos\/\",\"name\":\"Concursos - GAD parroquial Moraspungo\",\"isPartOf\":{\"@id\":\"https:\/\/moraspungo.gob.ec\/cotopaxi\/#website\"},\"primaryImageOfPage\":{\"@id\":\"https:\/\/moraspungo.gob.ec\/cotopaxi\/concursos\/#primaryimage\"},\"image\":{\"@id\":\"https:\/\/moraspungo.gob.ec\/cotopaxi\/concursos\/#primaryimage\"},\"thumbnailUrl\":\"https:\/\/moraspungo.gob.ec\/cotopaxi\/wp-content\/uploads\/2025\/08\/WhatsApp-Image-2025-08-08-at-10.48.42-AM.jpeg\",\"datePublished\":\"2018-03-23T15:51:50+00:00\",\"dateModified\":\"2025-08-08T15:51:14+00:00\",\"breadcrumb\":{\"@id\":\"https:\/\/moraspungo.gob.ec\/cotopaxi\/concursos\/#breadcrumb\"},\"inLanguage\":\"es\",\"potentialAction\":[{\"@type\":\"ReadAction\",\"target\":[\"https:\/\/moraspungo.gob.ec\/cotopaxi\/concursos\/\"]}]},{\"@type\":\"ImageObject\",\"inLanguage\":\"es\",\"@id\":\"https:\/\/moraspungo.gob.ec\/cotopaxi\/concursos\/#primaryimage\",\"url\":\"https:\/\/moraspungo.gob.ec\/cotopaxi\/wp-content\/uploads\/2025\/08\/WhatsApp-Image-2025-08-08-at-10.48.42-AM.jpeg\",\"contentUrl\":\"https:\/\/moraspungo.gob.ec\/cotopaxi\/wp-content\/uploads\/2025\/08\/WhatsApp-Image-2025-08-08-at-10.48.42-AM.jpeg\",\"width\":504,\"height\":654},{\"@type\":\"BreadcrumbList\",\"@id\":\"https:\/\/moraspungo.gob.ec\/cotopaxi\/concursos\/#breadcrumb\",\"itemListElement\":[{\"@type\":\"ListItem\",\"position\":1,\"name\":\"Home\",\"item\":\"https:\/\/moraspungo.gob.ec\/cotopaxi\/\"},{\"@type\":\"ListItem\",\"position\":2,\"name\":\"Concursos\"}]},{\"@type\":\"WebSite\",\"@id\":\"https:\/\/moraspungo.gob.ec\/cotopaxi\/#website\",\"url\":\"https:\/\/moraspungo.gob.ec\/cotopaxi\/\",\"name\":\"GAD parroquial Moraspungo\",\"description\":\"Sitio Oficial del GAD Parroquial de Moraspungo Cotopaxi\",\"publisher\":{\"@id\":\"https:\/\/moraspungo.gob.ec\/cotopaxi\/#organization\"},\"potentialAction\":[{\"@type\":\"SearchAction\",\"target\":{\"@type\":\"EntryPoint\",\"urlTemplate\":\"https:\/\/moraspungo.gob.ec\/cotopaxi\/?s={search_term_string}\"},\"query-input\":{\"@type\":\"PropertyValueSpecification\",\"valueRequired\":true,\"valueName\":\"search_term_string\"}}],\"inLanguage\":\"es\"},{\"@type\":\"Organization\",\"@id\":\"https:\/\/moraspungo.gob.ec\/cotopaxi\/#organization\",\"name\":\"GAD parroquial Moraspungo\",\"url\":\"https:\/\/moraspungo.gob.ec\/cotopaxi\/\",\"logo\":{\"@type\":\"ImageObject\",\"inLanguage\":\"es\",\"@id\":\"https:\/\/moraspungo.gob.ec\/cotopaxi\/#\/schema\/logo\/image\/\",\"url\":\"\",\"contentUrl\":\"\",\"caption\":\"GAD parroquial Moraspungo\"},\"image\":{\"@id\":\"https:\/\/moraspungo.gob.ec\/cotopaxi\/#\/schema\/logo\/image\/\"}}]}<\/script>\n<!-- \/ Yoast SEO plugin. -->","yoast_head_json":{"title":"Concursos - GAD parroquial Moraspungo","robots":{"index":"index","follow":"follow","max-snippet":"max-snippet:-1","max-image-preview":"max-image-preview:large","max-video-preview":"max-video-preview:-1"},"canonical":"https:\/\/moraspungo.gob.ec\/cotopaxi\/concursos\/","og_locale":"es_ES","og_type":"article","og_title":"Concursos - GAD parroquial Moraspungo","og_description":"OPORTUNIDAD LABORAL &nbsp; OPORTUNIDAD LABORAL CONCURSO DE M\u00c9RITOS Y OPOSICI\u00d3N 2018 DOCUMENTOS &#8211; INFORMACI\u00d3N BASES CONVOCATORIA 1 BASES CONVOCATORIA 2 CONVOCATORIA NOTIFICACION DE REALIZACION DE PRUEBAS TECNICAS Y PSICOMETRICAS ACTA FINAL DECLARATORIA GANADOR ANALISTA CONTABLE ACTA GANADOR ANALISTA DE PLANIFICACION GAD PARROQUIAL DE MORASPUNGO OPORTUNIDAD LABORAL &nbsp; GAD MORASPUNGO OPORTUNIDAD LABORAL","og_url":"https:\/\/moraspungo.gob.ec\/cotopaxi\/concursos\/","og_site_name":"GAD parroquial Moraspungo","article_modified_time":"2025-08-08T15:51:14+00:00","og_image":[{"width":504,"height":654,"url":"https:\/\/moraspungo.gob.ec\/cotopaxi\/wp-content\/uploads\/2025\/08\/WhatsApp-Image-2025-08-08-at-10.48.42-AM.jpeg","type":"image\/jpeg"}],"twitter_card":"summary_large_image","twitter_misc":{"Tiempo de lectura":"1 minuto"},"schema":{"@context":"https:\/\/schema.org","@graph":[{"@type":"WebPage","@id":"https:\/\/moraspungo.gob.ec\/cotopaxi\/concursos\/","url":"https:\/\/moraspungo.gob.ec\/cotopaxi\/concursos\/","name":"Concursos - GAD parroquial Moraspungo","isPartOf":{"@id":"https:\/\/moraspungo.gob.ec\/cotopaxi\/#website"},"primaryImageOfPage":{"@id":"https:\/\/moraspungo.gob.ec\/cotopaxi\/concursos\/#primaryimage"},"image":{"@id":"https:\/\/moraspungo.gob.ec\/cotopaxi\/concursos\/#primaryimage"},"thumbnailUrl":"https:\/\/moraspungo.gob.ec\/cotopaxi\/wp-content\/uploads\/2025\/08\/WhatsApp-Image-2025-08-08-at-10.48.42-AM.jpeg","datePublished":"2018-03-23T15:51:50+00:00","dateModified":"2025-08-08T15:51:14+00:00","breadcrumb":{"@id":"https:\/\/moraspungo.gob.ec\/cotopaxi\/concursos\/#breadcrumb"},"inLanguage":"es","potentialAction":[{"@type":"ReadAction","target":["https:\/\/moraspungo.gob.ec\/cotopaxi\/concursos\/"]}]},{"@type":"ImageObject","inLanguage":"es","@id":"https:\/\/moraspungo.gob.ec\/cotopaxi\/concursos\/#primaryimage","url":"https:\/\/moraspungo.gob.ec\/cotopaxi\/wp-content\/uploads\/2025\/08\/WhatsApp-Image-2025-08-08-at-10.48.42-AM.jpeg","contentUrl":"https:\/\/moraspungo.gob.ec\/cotopaxi\/wp-content\/uploads\/2025\/08\/WhatsApp-Image-2025-08-08-at-10.48.42-AM.jpeg","width":504,"height":654},{"@type":"BreadcrumbList","@id":"https:\/\/moraspungo.gob.ec\/cotopaxi\/concursos\/#breadcrumb","itemListElement":[{"@type":"ListItem","position":1,"name":"Home","item":"https:\/\/moraspungo.gob.ec\/cotopaxi\/"},{"@type":"ListItem","position":2,"name":"Concursos"}]},{"@type":"WebSite","@id":"https:\/\/moraspungo.gob.ec\/cotopaxi\/#website","url":"https:\/\/moraspungo.gob.ec\/cotopaxi\/","name":"GAD parroquial Moraspungo","description":"Sitio Oficial del GAD Parroquial de Moraspungo Cotopaxi","publisher":{"@id":"https:\/\/moraspungo.gob.ec\/cotopaxi\/#organization"},"potentialAction":[{"@type":"SearchAction","target":{"@type":"EntryPoint","urlTemplate":"https:\/\/moraspungo.gob.ec\/cotopaxi\/?s={search_term_string}"},"query-input":{"@type":"PropertyValueSpecification","valueRequired":true,"valueName":"search_term_string"}}],"inLanguage":"es"},{"@type":"Organization","@id":"https:\/\/moraspungo.gob.ec\/cotopaxi\/#organization","name":"GAD parroquial Moraspungo","url":"https:\/\/moraspungo.gob.ec\/cotopaxi\/","logo":{"@type":"ImageObject","inLanguage":"es","@id":"https:\/\/moraspungo.gob.ec\/cotopaxi\/#\/schema\/logo\/image\/","url":"","contentUrl":"","caption":"GAD parroquial Moraspungo"},"image":{"@id":"https:\/\/moraspungo.gob.ec\/cotopaxi\/#\/schema\/logo\/image\/"}}]}},"_links":{"self":[{"href":"https:\/\/moraspungo.gob.ec\/cotopaxi\/wp-json\/wp\/v2\/pages\/671","targetHints":{"allow":["GET"]}}],"collection":[{"href":"https:\/\/moraspungo.gob.ec\/cotopaxi\/wp-json\/wp\/v2\/pages"}],"about":[{"href":"https:\/\/moraspungo.gob.ec\/cotopaxi\/wp-json\/wp\/v2\/types\/page"}],"author":[{"embeddable":true,"href":"https:\/\/moraspungo.gob.ec\/cotopaxi\/wp-json\/wp\/v2\/users\/2"}],"replies":[{"embeddable":true,"href":"https:\/\/moraspungo.gob.ec\/cotopaxi\/wp-json\/wp\/v2\/comments?post=671"}],"version-history":[{"count":10,"href":"https:\/\/moraspungo.gob.ec\/cotopaxi\/wp-json\/wp\/v2\/pages\/671\/revisions"}],"predecessor-version":[{"id":3233,"href":"https:\/\/moraspungo.gob.ec\/cotopaxi\/wp-json\/wp\/v2\/pages\/671\/revisions\/3233"}],"wp:attachment":[{"href":"https:\/\/moraspungo.gob.ec\/cotopaxi\/wp-json\/wp\/v2\/media?parent=671"}],"curies":[{"name":"wp","href":"https:\/\/api.w.org\/{rel}","templated":true}]}}