{"id":426,"date":"2016-03-02T18:15:17","date_gmt":"2016-03-02T22:15:17","guid":{"rendered":"http:\/\/moraspungo.gob.ec\/cotopaxi\/?page_id=426"},"modified":"2016-03-21T09:35:55","modified_gmt":"2016-03-21T13:35:55","slug":"rendicion-de-cuentas-2015","status":"publish","type":"page","link":"https:\/\/moraspungo.gob.ec\/cotopaxi\/rendicion-de-cuentas-2015\/","title":{"rendered":"Rendici\u00f3n de Cuentas 2015"},"content":{"rendered":"<p style=\"text-align: center;\">EVENTO RENDICION DE CUENTAS<\/p>\n<p style=\"text-align: center;\">PERIODO 2015<\/p>\n<p style=\"text-align: center;\"><a href=\"http:\/\/moraspungo.gob.ec\/cotopaxi\/wp-content\/uploads\/2016\/03\/IMG_20160226_093201008-e1458567227141.jpg\"><img loading=\"lazy\" decoding=\"async\" class=\"alignnone  wp-image-446\" src=\"http:\/\/moraspungo.gob.ec\/cotopaxi\/wp-content\/uploads\/2016\/03\/IMG_20160226_093201008-e1458567227141.jpg\" alt=\"IMG_20160226_093201008\" width=\"511\" height=\"389\" data-id=\"446\" srcset=\"https:\/\/moraspungo.gob.ec\/cotopaxi\/wp-content\/uploads\/2016\/03\/IMG_20160226_093201008-e1458567227141.jpg 1024w, https:\/\/moraspungo.gob.ec\/cotopaxi\/wp-content\/uploads\/2016\/03\/IMG_20160226_093201008-e1458567227141-300x228.jpg 300w\" sizes=\"auto, (max-width: 511px) 100vw, 511px\" \/><\/a><\/p>\n<p>\u00a0El GAD Parroquial de Moraspungo, cumpliendo el mandato establecido en las leyes vigente realiza el evento de Rendici\u00f3n de Cuentas a la Ciudadan\u00eda.<\/p>\n<p>Mediante la distribuci\u00f3n de un tr\u00edptico informativo se dio a conocer a la ciudadan\u00eda los aspectos del evento rendici\u00f3n de cuentas del a\u00f1o 2015.<\/p>\n<p><a href=\"http:\/\/moraspungo.gob.ec\/cotopaxi\/wp-content\/uploads\/2016\/03\/DOCUMENTO-PARA-LA-CIUDADANIA.pdf\">DOCUMENTO PARA LA CIUDADANIA<\/a>.<\/p>\n<p><a href=\"http:\/\/moraspungo.gob.ec\/cotopaxi\/wp-content\/uploads\/2016\/03\/Rendici\u00f3n-de-cuentas-2015.pptx\">Rendici\u00f3n de cuentas 2015<\/a><\/p>\n<p><a href=\"http:\/\/moraspungo.gob.ec\/cotopaxi\/wp-content\/uploads\/2016\/03\/REGISTRO-DE-ASISTENCIA-EVENTO-RENDICION-DE-CUENTAS.pdf\">REGISTRO DE ASISTENCIA EVENTO RENDICION DE CUENTAS<\/a><\/p>\n<p><a href=\"http:\/\/moraspungo.gob.ec\/cotopaxi\/wp-content\/uploads\/2016\/03\/ALBUM-FOTOGRAFICO.pdf\">ALBUM FOTOGRAFICO<\/a><\/p>\n","protected":false},"excerpt":{"rendered":"<p>EVENTO RENDICION DE CUENTAS PERIODO 2015 \u00a0El GAD Parroquial de Moraspungo, cumpliendo el mandato establecido en las leyes vigente realiza el evento de Rendici\u00f3n de Cuentas a la Ciudadan\u00eda. Mediante la distribuci\u00f3n de un tr\u00edptico informativo se dio a conocer a la ciudadan\u00eda los aspectos del evento rendici\u00f3n de cuentas del a\u00f1o 2015. DOCUMENTO PARA [&hellip;]<\/p>\n","protected":false},"author":2,"featured_media":0,"parent":0,"menu_order":0,"comment_status":"closed","ping_status":"closed","template":"","meta":{"footnotes":""},"class_list":["post-426","page","type-page","status-publish","hentry","post"],"yoast_head":"<!-- This site is optimized with the Yoast SEO plugin v24.2 - https:\/\/yoast.com\/wordpress\/plugins\/seo\/ -->\n<title>Rendici\u00f3n de Cuentas 2015 - GAD parroquial Moraspungo<\/title>\n<meta name=\"robots\" content=\"index, follow, max-snippet:-1, max-image-preview:large, max-video-preview:-1\" \/>\n<link rel=\"canonical\" href=\"https:\/\/moraspungo.gob.ec\/cotopaxi\/rendicion-de-cuentas-2015\/\" \/>\n<meta property=\"og:locale\" content=\"es_ES\" \/>\n<meta property=\"og:type\" content=\"article\" \/>\n<meta property=\"og:title\" content=\"Rendici\u00f3n de Cuentas 2015 - GAD parroquial Moraspungo\" \/>\n<meta property=\"og:description\" content=\"EVENTO RENDICION DE CUENTAS PERIODO 2015 \u00a0El GAD Parroquial de Moraspungo, cumpliendo el mandato establecido en las leyes vigente realiza el evento de Rendici\u00f3n de Cuentas a la Ciudadan\u00eda. Mediante la distribuci\u00f3n de un tr\u00edptico informativo se dio a conocer a la ciudadan\u00eda los aspectos del evento rendici\u00f3n de cuentas del a\u00f1o 2015. DOCUMENTO PARA [&hellip;]\" \/>\n<meta property=\"og:url\" content=\"https:\/\/moraspungo.gob.ec\/cotopaxi\/rendicion-de-cuentas-2015\/\" \/>\n<meta property=\"og:site_name\" content=\"GAD parroquial Moraspungo\" \/>\n<meta property=\"article:modified_time\" content=\"2016-03-21T13:35:55+00:00\" \/>\n<meta property=\"og:image\" content=\"http:\/\/moraspungo.gob.ec\/cotopaxi\/wp-content\/uploads\/2016\/03\/IMG_20160226_093201008-e1458567227141.jpg\" \/>\n<meta name=\"twitter:card\" content=\"summary_large_image\" \/>\n<script type=\"application\/ld+json\" class=\"yoast-schema-graph\">{\"@context\":\"https:\/\/schema.org\",\"@graph\":[{\"@type\":\"WebPage\",\"@id\":\"https:\/\/moraspungo.gob.ec\/cotopaxi\/rendicion-de-cuentas-2015\/\",\"url\":\"https:\/\/moraspungo.gob.ec\/cotopaxi\/rendicion-de-cuentas-2015\/\",\"name\":\"Rendici\u00f3n de Cuentas 2015 - GAD parroquial Moraspungo\",\"isPartOf\":{\"@id\":\"https:\/\/moraspungo.gob.ec\/cotopaxi\/#website\"},\"primaryImageOfPage\":{\"@id\":\"https:\/\/moraspungo.gob.ec\/cotopaxi\/rendicion-de-cuentas-2015\/#primaryimage\"},\"image\":{\"@id\":\"https:\/\/moraspungo.gob.ec\/cotopaxi\/rendicion-de-cuentas-2015\/#primaryimage\"},\"thumbnailUrl\":\"http:\/\/moraspungo.gob.ec\/cotopaxi\/wp-content\/uploads\/2016\/03\/IMG_20160226_093201008-e1458567227141.jpg\",\"datePublished\":\"2016-03-02T22:15:17+00:00\",\"dateModified\":\"2016-03-21T13:35:55+00:00\",\"breadcrumb\":{\"@id\":\"https:\/\/moraspungo.gob.ec\/cotopaxi\/rendicion-de-cuentas-2015\/#breadcrumb\"},\"inLanguage\":\"es\",\"potentialAction\":[{\"@type\":\"ReadAction\",\"target\":[\"https:\/\/moraspungo.gob.ec\/cotopaxi\/rendicion-de-cuentas-2015\/\"]}]},{\"@type\":\"ImageObject\",\"inLanguage\":\"es\",\"@id\":\"https:\/\/moraspungo.gob.ec\/cotopaxi\/rendicion-de-cuentas-2015\/#primaryimage\",\"url\":\"http:\/\/moraspungo.gob.ec\/cotopaxi\/wp-content\/uploads\/2016\/03\/IMG_20160226_093201008-e1458567227141.jpg\",\"contentUrl\":\"http:\/\/moraspungo.gob.ec\/cotopaxi\/wp-content\/uploads\/2016\/03\/IMG_20160226_093201008-e1458567227141.jpg\"},{\"@type\":\"BreadcrumbList\",\"@id\":\"https:\/\/moraspungo.gob.ec\/cotopaxi\/rendicion-de-cuentas-2015\/#breadcrumb\",\"itemListElement\":[{\"@type\":\"ListItem\",\"position\":1,\"name\":\"Home\",\"item\":\"https:\/\/moraspungo.gob.ec\/cotopaxi\/\"},{\"@type\":\"ListItem\",\"position\":2,\"name\":\"Rendici\u00f3n de Cuentas 2015\"}]},{\"@type\":\"WebSite\",\"@id\":\"https:\/\/moraspungo.gob.ec\/cotopaxi\/#website\",\"url\":\"https:\/\/moraspungo.gob.ec\/cotopaxi\/\",\"name\":\"GAD parroquial Moraspungo\",\"description\":\"Sitio Oficial del GAD Parroquial de Moraspungo Cotopaxi\",\"publisher\":{\"@id\":\"https:\/\/moraspungo.gob.ec\/cotopaxi\/#organization\"},\"potentialAction\":[{\"@type\":\"SearchAction\",\"target\":{\"@type\":\"EntryPoint\",\"urlTemplate\":\"https:\/\/moraspungo.gob.ec\/cotopaxi\/?s={search_term_string}\"},\"query-input\":{\"@type\":\"PropertyValueSpecification\",\"valueRequired\":true,\"valueName\":\"search_term_string\"}}],\"inLanguage\":\"es\"},{\"@type\":\"Organization\",\"@id\":\"https:\/\/moraspungo.gob.ec\/cotopaxi\/#organization\",\"name\":\"GAD parroquial Moraspungo\",\"url\":\"https:\/\/moraspungo.gob.ec\/cotopaxi\/\",\"logo\":{\"@type\":\"ImageObject\",\"inLanguage\":\"es\",\"@id\":\"https:\/\/moraspungo.gob.ec\/cotopaxi\/#\/schema\/logo\/image\/\",\"url\":\"\",\"contentUrl\":\"\",\"caption\":\"GAD parroquial Moraspungo\"},\"image\":{\"@id\":\"https:\/\/moraspungo.gob.ec\/cotopaxi\/#\/schema\/logo\/image\/\"}}]}<\/script>\n<!-- \/ Yoast SEO plugin. -->","yoast_head_json":{"title":"Rendici\u00f3n de Cuentas 2015 - GAD parroquial Moraspungo","robots":{"index":"index","follow":"follow","max-snippet":"max-snippet:-1","max-image-preview":"max-image-preview:large","max-video-preview":"max-video-preview:-1"},"canonical":"https:\/\/moraspungo.gob.ec\/cotopaxi\/rendicion-de-cuentas-2015\/","og_locale":"es_ES","og_type":"article","og_title":"Rendici\u00f3n de Cuentas 2015 - GAD parroquial Moraspungo","og_description":"EVENTO RENDICION DE CUENTAS PERIODO 2015 \u00a0El GAD Parroquial de Moraspungo, cumpliendo el mandato establecido en las leyes vigente realiza el evento de Rendici\u00f3n de Cuentas a la Ciudadan\u00eda. Mediante la distribuci\u00f3n de un tr\u00edptico informativo se dio a conocer a la ciudadan\u00eda los aspectos del evento rendici\u00f3n de cuentas del a\u00f1o 2015. DOCUMENTO PARA [&hellip;]","og_url":"https:\/\/moraspungo.gob.ec\/cotopaxi\/rendicion-de-cuentas-2015\/","og_site_name":"GAD parroquial Moraspungo","article_modified_time":"2016-03-21T13:35:55+00:00","og_image":[{"url":"http:\/\/moraspungo.gob.ec\/cotopaxi\/wp-content\/uploads\/2016\/03\/IMG_20160226_093201008-e1458567227141.jpg","type":"","width":"","height":""}],"twitter_card":"summary_large_image","schema":{"@context":"https:\/\/schema.org","@graph":[{"@type":"WebPage","@id":"https:\/\/moraspungo.gob.ec\/cotopaxi\/rendicion-de-cuentas-2015\/","url":"https:\/\/moraspungo.gob.ec\/cotopaxi\/rendicion-de-cuentas-2015\/","name":"Rendici\u00f3n de Cuentas 2015 - GAD parroquial Moraspungo","isPartOf":{"@id":"https:\/\/moraspungo.gob.ec\/cotopaxi\/#website"},"primaryImageOfPage":{"@id":"https:\/\/moraspungo.gob.ec\/cotopaxi\/rendicion-de-cuentas-2015\/#primaryimage"},"image":{"@id":"https:\/\/moraspungo.gob.ec\/cotopaxi\/rendicion-de-cuentas-2015\/#primaryimage"},"thumbnailUrl":"http:\/\/moraspungo.gob.ec\/cotopaxi\/wp-content\/uploads\/2016\/03\/IMG_20160226_093201008-e1458567227141.jpg","datePublished":"2016-03-02T22:15:17+00:00","dateModified":"2016-03-21T13:35:55+00:00","breadcrumb":{"@id":"https:\/\/moraspungo.gob.ec\/cotopaxi\/rendicion-de-cuentas-2015\/#breadcrumb"},"inLanguage":"es","potentialAction":[{"@type":"ReadAction","target":["https:\/\/moraspungo.gob.ec\/cotopaxi\/rendicion-de-cuentas-2015\/"]}]},{"@type":"ImageObject","inLanguage":"es","@id":"https:\/\/moraspungo.gob.ec\/cotopaxi\/rendicion-de-cuentas-2015\/#primaryimage","url":"http:\/\/moraspungo.gob.ec\/cotopaxi\/wp-content\/uploads\/2016\/03\/IMG_20160226_093201008-e1458567227141.jpg","contentUrl":"http:\/\/moraspungo.gob.ec\/cotopaxi\/wp-content\/uploads\/2016\/03\/IMG_20160226_093201008-e1458567227141.jpg"},{"@type":"BreadcrumbList","@id":"https:\/\/moraspungo.gob.ec\/cotopaxi\/rendicion-de-cuentas-2015\/#breadcrumb","itemListElement":[{"@type":"ListItem","position":1,"name":"Home","item":"https:\/\/moraspungo.gob.ec\/cotopaxi\/"},{"@type":"ListItem","position":2,"name":"Rendici\u00f3n de Cuentas 2015"}]},{"@type":"WebSite","@id":"https:\/\/moraspungo.gob.ec\/cotopaxi\/#website","url":"https:\/\/moraspungo.gob.ec\/cotopaxi\/","name":"GAD parroquial Moraspungo","description":"Sitio Oficial del GAD Parroquial de Moraspungo Cotopaxi","publisher":{"@id":"https:\/\/moraspungo.gob.ec\/cotopaxi\/#organization"},"potentialAction":[{"@type":"SearchAction","target":{"@type":"EntryPoint","urlTemplate":"https:\/\/moraspungo.gob.ec\/cotopaxi\/?s={search_term_string}"},"query-input":{"@type":"PropertyValueSpecification","valueRequired":true,"valueName":"search_term_string"}}],"inLanguage":"es"},{"@type":"Organization","@id":"https:\/\/moraspungo.gob.ec\/cotopaxi\/#organization","name":"GAD parroquial Moraspungo","url":"https:\/\/moraspungo.gob.ec\/cotopaxi\/","logo":{"@type":"ImageObject","inLanguage":"es","@id":"https:\/\/moraspungo.gob.ec\/cotopaxi\/#\/schema\/logo\/image\/","url":"","contentUrl":"","caption":"GAD parroquial Moraspungo"},"image":{"@id":"https:\/\/moraspungo.gob.ec\/cotopaxi\/#\/schema\/logo\/image\/"}}]}},"_links":{"self":[{"href":"https:\/\/moraspungo.gob.ec\/cotopaxi\/wp-json\/wp\/v2\/pages\/426","targetHints":{"allow":["GET"]}}],"collection":[{"href":"https:\/\/moraspungo.gob.ec\/cotopaxi\/wp-json\/wp\/v2\/pages"}],"about":[{"href":"https:\/\/moraspungo.gob.ec\/cotopaxi\/wp-json\/wp\/v2\/types\/page"}],"author":[{"embeddable":true,"href":"https:\/\/moraspungo.gob.ec\/cotopaxi\/wp-json\/wp\/v2\/users\/2"}],"replies":[{"embeddable":true,"href":"https:\/\/moraspungo.gob.ec\/cotopaxi\/wp-json\/wp\/v2\/comments?post=426"}],"version-history":[{"count":10,"href":"https:\/\/moraspungo.gob.ec\/cotopaxi\/wp-json\/wp\/v2\/pages\/426\/revisions"}],"predecessor-version":[{"id":450,"href":"https:\/\/moraspungo.gob.ec\/cotopaxi\/wp-json\/wp\/v2\/pages\/426\/revisions\/450"}],"wp:attachment":[{"href":"https:\/\/moraspungo.gob.ec\/cotopaxi\/wp-json\/wp\/v2\/media?parent=426"}],"curies":[{"name":"wp","href":"https:\/\/api.w.org\/{rel}","templated":true}]}}